{"id":118,"date":"2017-07-03T15:06:27","date_gmt":"2017-07-03T18:06:27","guid":{"rendered":"http:\/\/sindicatodosbancarios.org.br\/?page_id=118"},"modified":"2022-11-03T15:46:28","modified_gmt":"2022-11-03T18:46:28","slug":"convenios","status":"publish","type":"page","link":"https:\/\/sindicatodosbancarios.org.br\/site2022\/servicos\/convenios\/","title":{"rendered":"Conv\u00eanios"},"content":{"rendered":"<p style=\"text-align: center;\"><strong>CONV\u00caNIO: SINDICATO REALIZA PARCERIA PARA CURSOS DO MERCADO FINANCEIRO (CPA\/10 \/ CPA20 \/CEA E OUTROS)<\/strong><\/p>\n<p>O Sindicato dos Banc\u00e1rios de S\u00e3o Bento do Sul e Regi\u00e3o, em parceria com a Acamef \u2013 Cursos do Mercado Financeiro, tem o imenso prazer e satisfa\u00e7\u00e3o em anunciar que ir\u00e1 disponibilizar a partir desta data, treinamentos e cursos preparat\u00f3rios de certifica\u00e7\u00e3o com descontos exclusivos para seus associados! Atualmente, o mercado financeiro est\u00e1 vivendo um momento \u00fanico de evolu\u00e7\u00e3o exponencial. Obter conhecimento e certifica\u00e7\u00f5es pode ser um grande diferencial competitivo neste segmento, garantindo compet\u00eancia, credibilidade, confian\u00e7a, qualidade de atendimento ao cliente, e muitas oportunidades de ascens\u00e3o na carreira.<\/p>\n<p>A Acamef \u00e9 especialista em treinamentos neste mercado, atuando desde 2015, qualificando e motivando profissionais a se desenvolverem continuamente. A metodologia \u00e9 desenvolvida para o aluno entender o conte\u00fado, formar censo cr\u00edtico e anal\u00f3gico, com did\u00e1tica de f\u00e1cil assimila\u00e7\u00e3o, tornando o processo de certifica\u00e7\u00e3o \u00fatil e prazeroso. A equipe est\u00e1 sempre empenhada para entregar os melhores e mais atualizados conte\u00fado. J\u00e1 s\u00e3o mais de 10.000 alunos certificados com \u00edndice de aprova\u00e7\u00e3o acima de 80% j\u00e1 na primeira prova!<\/p>\n<p>A professora e palestrante respons\u00e1vel pela Acamef \u00e9 Solange Honorato, com forma\u00e7\u00e3o acad\u00eamica em Administra\u00e7\u00e3o de Empresas e MBA em Finan\u00e7as, Auditoria e Controladoria pela FGV. Planejadora financeira com certifica\u00e7\u00f5es CPA10, CPA20, CEA, CFP e ANCORD. Possui vasta experi\u00eancia na forma\u00e7\u00e3o e treinamento de equipes de alta performance.<\/p>\n<p>Segundo dados da Anbima, com refer\u00eancia de setembro de 2022, cerca de 65% dos profissionais certificados possuem a CPA10, que possibilita a atua\u00e7\u00e3o na distribui\u00e7\u00e3o de produtos de investimento em ag\u00eancias banc\u00e1rias ou plataformas de atendimento. A CPA20 conta com cerca de 30% de profissionais certificados e permite a atua\u00e7\u00e3o na distribui\u00e7\u00e3o de produtos de investimento para clientes dos segmentos varejo, alta renda, private, corporate e investidores institucionais em ag\u00eancias banc\u00e1rias ou em plataformas de atendimento. J\u00e1 a CEA representa, at\u00e9 o momento, uma parcela m\u00ednima de profissionais certificados, com 3,5% da parcela total do mercado, gerando oportunidades de destaque. A CEA \u00e9 indicada para atuar como especialista em investimentos. Podem recomendar produtos de investimentos para clientes em diversos segmentos, al\u00e9m de assessorar gerentes de contas.<\/p>\n<p>Os cursos que ser\u00e3o oferecidos com desconto exclusivo para associados ao Sindicato s\u00e3o de Matem\u00e1tica Financeira com utiliza\u00e7\u00e3o da HP12C; Especialista em Cons\u00f3rcio \u2013 com t\u00e9cnicas de vendas, abordagens e contorno de obje\u00e7\u00f5es; CPA10; CPA20; CEA + Matem\u00e1tica Financeira HP12C. Os descontos podem chegar at\u00e9 20% do valor original do curso.<\/p>\n<p>Fechamos esta parceria pensando no seu desenvolvimento profissional cont\u00ednuo, para que voc\u00ea possa se destacar no mercado financeiro! Aproveite este benef\u00edcio e invista na sua carreira!<\/p>\n<p>Para maiores informa\u00e7\u00f5es sobre a matriz curricular dos cursos e sobre as inscri\u00e7\u00f5es, favor entrar em contato atrav\u00e9s dos telefones: Sindicato: (47) 3633-5203 Roberto (47) 99918-2894 \/ Luiz (47) 99715-8870.<\/p>\n<h1 style=\"text-align: center;\"><a href=\"https:\/\/sindicatodosbancarios.org.br\/wp-content\/uploads\/2022\/11\/Cursos-Acamef-1.pdf\">Cursos e Certifica\u00e7\u00f5es<\/a><\/h1>\n<blockquote class=\"wp-embedded-content\" data-secret=\"YqwMXVTEP9\"><p><a href=\"https:\/\/acamef.com.br\/produto\/cpa10-anbima\/\">CPA10 Online<\/a><\/p><\/blockquote>\n<p><iframe class=\"wp-embedded-content\" sandbox=\"allow-scripts\" security=\"restricted\" style=\"position: absolute; clip: rect(1px, 1px, 1px, 1px);\" title=\"&#8220;CPA10 Online&#8221; &#8212; Acamef\" src=\"https:\/\/acamef.com.br\/produto\/cpa10-anbima\/embed\/#?secret=RizD3dq2CJ#?secret=YqwMXVTEP9\" data-secret=\"YqwMXVTEP9\" width=\"500\" height=\"282\" frameborder=\"0\" marginwidth=\"0\" marginheight=\"0\" scrolling=\"no\"><\/iframe><\/p>\n<blockquote class=\"wp-embedded-content\" data-secret=\"PvdOtTv9AR\"><p><a href=\"https:\/\/acamef.com.br\/produto\/cpa20-anbima-online\/\">CPA20 Online<\/a><\/p><\/blockquote>\n<p><iframe class=\"wp-embedded-content\" sandbox=\"allow-scripts\" security=\"restricted\" style=\"position: absolute; clip: rect(1px, 1px, 1px, 1px);\" title=\"&#8220;CPA20 Online&#8221; &#8212; Acamef\" src=\"https:\/\/acamef.com.br\/produto\/cpa20-anbima-online\/embed\/#?secret=ewUYKjtbPQ#?secret=PvdOtTv9AR\" data-secret=\"PvdOtTv9AR\" width=\"500\" height=\"282\" frameborder=\"0\" marginwidth=\"0\" marginheight=\"0\" scrolling=\"no\"><\/iframe><\/p>\n<blockquote class=\"wp-embedded-content\" data-secret=\"S8LhklyJCp\"><p><a href=\"https:\/\/acamef.com.br\/produto\/cea-anbima\/\">CEA Online<\/a><\/p><\/blockquote>\n<p><iframe class=\"wp-embedded-content\" sandbox=\"allow-scripts\" security=\"restricted\" style=\"position: absolute; clip: rect(1px, 1px, 1px, 1px);\" title=\"&#8220;CEA Online&#8221; &#8212; Acamef\" src=\"https:\/\/acamef.com.br\/produto\/cea-anbima\/embed\/#?secret=5HeHcLlG9L#?secret=S8LhklyJCp\" data-secret=\"S8LhklyJCp\" width=\"500\" height=\"282\" frameborder=\"0\" marginwidth=\"0\" marginheight=\"0\" scrolling=\"no\"><\/iframe><\/p>\n<blockquote class=\"wp-embedded-content\" data-secret=\"3XZGqfmM0Q\"><p><a href=\"https:\/\/acamef.com.br\/produto\/consorcio\/\">Especialista em Cons\u00f3rcio: Venda+Cons\u00f3rcio<\/a><\/p><\/blockquote>\n<p><iframe class=\"wp-embedded-content\" sandbox=\"allow-scripts\" security=\"restricted\" style=\"position: absolute; clip: rect(1px, 1px, 1px, 1px);\" title=\"&#8220;Especialista em Cons\u00f3rcio: Venda+Cons\u00f3rcio&#8221; &#8212; Acamef\" src=\"https:\/\/acamef.com.br\/produto\/consorcio\/embed\/#?secret=BzEgfzVZt7#?secret=3XZGqfmM0Q\" data-secret=\"3XZGqfmM0Q\" width=\"500\" height=\"282\" frameborder=\"0\" marginwidth=\"0\" marginheight=\"0\" scrolling=\"no\"><\/iframe><\/p>\n<blockquote class=\"wp-embedded-content\" data-secret=\"SfZh0EPcOz\"><p><a href=\"https:\/\/acamef.com.br\/produto\/matematica-financeira-com-hp-12c\/\">Matem\u00e1tica Financeira com HP 12C<\/a><\/p><\/blockquote>\n<p><iframe class=\"wp-embedded-content\" sandbox=\"allow-scripts\" security=\"restricted\" style=\"position: absolute; clip: rect(1px, 1px, 1px, 1px);\" title=\"&#8220;Matem\u00e1tica Financeira com HP 12C&#8221; &#8212; Acamef\" src=\"https:\/\/acamef.com.br\/produto\/matematica-financeira-com-hp-12c\/embed\/#?secret=qohG49BVmW#?secret=SfZh0EPcOz\" data-secret=\"SfZh0EPcOz\" width=\"500\" height=\"282\" frameborder=\"0\" marginwidth=\"0\" marginheight=\"0\" scrolling=\"no\"><\/iframe><\/p>\n<p><span style=\"color: #800000;\"><strong>\u2022 Hot\u00e9is<\/strong><\/span><\/p>\n<p><strong>Hotel Sibara Ltda<\/strong><\/p>\n<p>Av. Brasil, n\u00b0 1500,\u00a0Balne\u00e1rio Cambori\u00fa, Santa Catarina<\/p>\n<p>(47) 3261 5000 | 0800 645 5020<\/p>\n<p>Estacionamento: Acesso lateral pela Rua 101 Balne\u00e1rio Cambori\u00fa &#8211; SC<\/p>\n<p><span style=\"color: #800000;\"><strong>\u2022 Odontol\u00f3gico<\/strong><\/span><\/p>\n<p><strong>Odontol\u00f3gico Sistema Empresarial e Particular Ltda<\/strong><\/p>\n<p>Rua Paulo Zschoerper, 68\u2013 Centro &#8211; (47) 3633-3923<\/p>\n<p><span style=\"color: #800000;\"><strong>\u2022 Clinica Geral<\/strong><\/span><\/p>\n<p><strong>Dr Diego Ferreira CRM\/SC 18610<\/strong><\/p>\n<p><strong>Dr Giovani Mattiola CRM\/SC 18497<\/strong><\/p>\n<p>Rua Wolfgang amon , 87, 3\u00b0 andar, sala 33 , Edif\u00edcio Milano \u2013 Centro \u2013 (47) 3635-3528<\/p>\n<p><span style=\"color: #993300;\"><strong>UNICESUMAR \u00a0EDUCA\u00c7\u00c3O A DIST\u00c2NCIA<\/strong><\/span><\/p>\n<p>Rua Antonio Kaesemodel, 55 &#8211; Rio Negro &#8211; S\u00e3o Bento do Sul &#8211; SC &#8211; (47) 3634-2226<\/p>\n<p>Email: polo-sbs@unicesumar.edu.br<\/p>\n<p><strong>Universidade &#8211; CURSOS DE EXTENS\u00c3O E P\u00d3S-GRADUA\u00c7\u00c3O<\/strong><\/p>\n<p><span style=\"color: #993300;\"><strong>FURJ \/ UNIVILLE &#8211; CAMPUS S\u00c3O BENTO DO SUL &#8211; CONTATO FONE &#8211; 3633-5203 (SINDICATO) \/ 3431-9135 (UNIVILLE &#8211; S\u00c3O BENTO DO SUL)<\/strong><\/span><\/p>\n<p><span style=\"color: #800000;\"><strong>\u2022 Sa\u00fade da Vis\u00e3o<\/strong><\/span><\/p>\n<p><strong>Visiocenter \u2013 Presta\u00e7\u00e3o de Servi\u00e7os de Sa\u00fade Visual<\/strong><\/p>\n<p>Rua Henrique Schwarz , 61, sala 64 \u2013 5\u00b0 Andar \u2013 S\u00e3o Bento do Sul (47) 3635-6575 \/ (47) 99911-3275<\/p>\n<p><span style=\"color: #800000;\"><strong>\u2022 Laborat\u00f3rios<\/strong><\/span><\/p>\n<p><strong>Labsca Analises Clinicas<\/strong><\/p>\n<p>S\u00e3o Bento do Sul &#8211; \u00a0(47) 3633-1133 &#8211;\u00a0Rua Marechal Deodoro, n 413 &#8211; Centro<\/p>\n<p>CEP 89280-133 &#8211;\u00a0Segunda \u00e0 sexta: 7h \u00e0s 12h e das 13h30 \u00e0s 18h30<\/p>\n<p>S\u00e3o Bento do Sul &#8211; (47)\u00a03626-7232 &#8211;\u00a0Rua Jos\u00e9 R\u00fcckl, n 158 \u2013 Serra Alta<br \/>\nCEP 89291-690 \u2013\u00a0Segunda \u00e0 sexta: 7h \u00e0s 12h<\/p>\n<p>Rio Negrinho &#8211; (47) 3644-1843\u00a0 \u00a0&#8211;\u00a0Rua Pedro Sim\u00f5es de Oliveira, n 170<br \/>\nCentro CEP 89295-000 \u2013\u00a0Segunda \u00e0 sexta: 7h \u00e0s 12h e das 13h30 \u00e0s 18h<\/p>\n<p>Cemox\/Colonial (47) 3631-0005 &#8211;\u00a0Rua Frederico Rank, n 530 \u2013 Colonial<br \/>\nCEP 89287-430 &#8211;\u00a0Segunda \u00e0 sexta: 7h \u00e0s 12h<\/p>\n<p><strong>Laborat\u00f3rio S\u00e3o Francisco<\/strong><\/p>\n<p>Rua Wolfgang Amonn, 235 &#8211;\u00a0S\u00e3o Bento do Sul \/ SC &#8211; (47) 36340535 (47) 999360252<\/p>\n<p><span style=\"color: #800000;\"><strong>\u2022 PATANEGRA CERVEJARIA<\/strong><\/span><\/p>\n<p>Rodovia Deputado Gen\u00e9rio Tureck (Acesso Oeste), 1355 \u2013 Colonial<br \/>\nS\u00e3o Bento do Sul\/SC &#8211; Telefone: (47) 99912-3333<\/p>\n<p><strong>Desconto de 10% para eventos realizados na ARBANC.<\/strong><\/p>\n<p><span style=\"color: #800000;\"><strong>\u2022 Cl\u00ednica de Diagn\u00f3stico por Imagem<\/strong><\/span><\/p>\n<p><strong>Multimagem<\/strong><\/p>\n<p>Matriz &#8211;\u00a0Avenida Dom Pedro II, 430 &#8211; Centro<\/p>\n<p>Raio-X, Ultrassom, Densitometria, Mamografia, Resson\u00e2ncia<\/p>\n<p>Telefone: (47) 3188-0800<\/p>\n<p>Unidade Hospital &#8211; Rua Henrique Schwarz, 10 &#8211; Centro<\/p>\n<p>Tomografia, Ultrassom<\/p>\n<p>Telefone: (47) 3188-0801<\/p>\n<p>Unidade Cemox &#8211; Rua Frederico Rank, 530 &#8211; Centro<\/p>\n<p>Raio-X<\/p>\n<p>Telefone: (47) 3188-0802<\/p>\n<p>Unidade Rio Negrinho &#8211; Travessa Theodoro Junctun, 144, sala 301 &#8211; Centro &#8211; Rio Negrinho.<\/p>\n<p>Raio-X e Ultrassom<\/p>\n<p>Telefone: (47) 3644-7360<\/p>\n<p><span style=\"font-family: 'arial black', sans-serif; color: #993300;\">FLORESTAR ENGENHARIA<\/span><\/p>\n<p><span style=\"color: #000000;\">Rua Benjamin Constant, n.\u00ba 69 &#8211; Centro &#8211; Campo Alegre &#8211; SC<\/span><\/p>\n<p>Servi\u00e7os de Topografia, Servi\u00e7os de Engenharia Florestal, Retifica\u00e7\u00e3o de \u00e1rea, etc.<\/p>\n<p>Telefone: (47) 3632-2050 \/ (47) 98802-3709<\/p>\n","protected":false},"excerpt":{"rendered":"<p>CONV\u00caNIO: SINDICATO REALIZA PARCERIA PARA CURSOS DO MERCADO FINANCEIRO (CPA\/10 \/ CPA20 \/CEA E OUTROS) O Sindicato dos [&hellip;]<\/p>\n","protected":false},"author":1,"featured_media":0,"parent":15,"menu_order":0,"comment_status":"closed","ping_status":"closed","template":"","meta":{"jetpack_post_was_ever_published":false},"acf":[],"yoast_head":"<!-- This site is optimized with the Yoast SEO plugin v19.14 - https:\/\/yoast.com\/wordpress\/plugins\/seo\/ -->\n<title>Conv\u00eanios - Sindicato dos Banc\u00e1rios de S\u00e3o Bento do Sul e Regi\u00e3o<\/title>\n<meta name=\"robots\" content=\"index, follow, max-snippet:-1, max-image-preview:large, max-video-preview:-1\" \/>\n<link rel=\"canonical\" href=\"https:\/\/sindicatodosbancarios.org.br\/site2022\/servicos\/convenios\/\" \/>\n<meta property=\"og:locale\" content=\"pt_BR\" \/>\n<meta property=\"og:type\" content=\"article\" \/>\n<meta property=\"og:title\" content=\"Conv\u00eanios - Sindicato dos Banc\u00e1rios de S\u00e3o Bento do Sul e Regi\u00e3o\" \/>\n<meta property=\"og:description\" content=\"CONV\u00caNIO: SINDICATO REALIZA PARCERIA PARA CURSOS DO MERCADO FINANCEIRO (CPA\/10 \/ CPA20 \/CEA E OUTROS) O Sindicato dos [&hellip;]\" \/>\n<meta property=\"og:url\" content=\"https:\/\/sindicatodosbancarios.org.br\/site2022\/servicos\/convenios\/\" \/>\n<meta property=\"og:site_name\" content=\"Sindicato dos Banc\u00e1rios de S\u00e3o Bento do Sul e Regi\u00e3o\" \/>\n<meta property=\"article:modified_time\" content=\"2022-11-03T18:46:28+00:00\" \/>\n<meta name=\"twitter:card\" content=\"summary_large_image\" \/>\n<meta name=\"twitter:label1\" content=\"Est. tempo de leitura\" \/>\n\t<meta name=\"twitter:data1\" content=\"5 minutos\" \/>\n<script type=\"application\/ld+json\" class=\"yoast-schema-graph\">{\"@context\":\"https:\/\/schema.org\",\"@graph\":[{\"@type\":\"WebPage\",\"@id\":\"https:\/\/sindicatodosbancarios.org.br\/site2022\/servicos\/convenios\/\",\"url\":\"https:\/\/sindicatodosbancarios.org.br\/site2022\/servicos\/convenios\/\",\"name\":\"Conv\u00eanios - Sindicato dos Banc\u00e1rios de S\u00e3o Bento do Sul e Regi\u00e3o\",\"isPartOf\":{\"@id\":\"https:\/\/sindicatodosbancarios.org.br\/site2022\/#website\"},\"datePublished\":\"2017-07-03T18:06:27+00:00\",\"dateModified\":\"2022-11-03T18:46:28+00:00\",\"breadcrumb\":{\"@id\":\"https:\/\/sindicatodosbancarios.org.br\/site2022\/servicos\/convenios\/#breadcrumb\"},\"inLanguage\":\"pt-BR\",\"potentialAction\":[{\"@type\":\"ReadAction\",\"target\":[\"https:\/\/sindicatodosbancarios.org.br\/site2022\/servicos\/convenios\/\"]}]},{\"@type\":\"BreadcrumbList\",\"@id\":\"https:\/\/sindicatodosbancarios.org.br\/site2022\/servicos\/convenios\/#breadcrumb\",\"itemListElement\":[{\"@type\":\"ListItem\",\"position\":1,\"name\":\"In\u00edcio\",\"item\":\"https:\/\/sindicatodosbancarios.org.br\/site2022\/\"},{\"@type\":\"ListItem\",\"position\":2,\"name\":\"Servi\u00e7os\",\"item\":\"https:\/\/sindicatodosbancarios.org.br\/site2022\/servicos\/\"},{\"@type\":\"ListItem\",\"position\":3,\"name\":\"Conv\u00eanios\"}]},{\"@type\":\"WebSite\",\"@id\":\"https:\/\/sindicatodosbancarios.org.br\/site2022\/#website\",\"url\":\"https:\/\/sindicatodosbancarios.org.br\/site2022\/\",\"name\":\"Sindicato dos Banc\u00e1rios de S\u00e3o Bento do Sul e Regi\u00e3o\",\"description\":\"Website institucional do Sindicato dos Banc\u00e1rios de S\u00e3o Bento do Sul e Regi\u00e3o\",\"publisher\":{\"@id\":\"https:\/\/sindicatodosbancarios.org.br\/site2022\/#organization\"},\"potentialAction\":[{\"@type\":\"SearchAction\",\"target\":{\"@type\":\"EntryPoint\",\"urlTemplate\":\"https:\/\/sindicatodosbancarios.org.br\/site2022\/?s={search_term_string}\"},\"query-input\":\"required name=search_term_string\"}],\"inLanguage\":\"pt-BR\"},{\"@type\":\"Organization\",\"@id\":\"https:\/\/sindicatodosbancarios.org.br\/site2022\/#organization\",\"name\":\"Sindicato dos Banc\u00e1rios de S\u00e3o Bento do Sul e Regi\u00e3o\",\"url\":\"https:\/\/sindicatodosbancarios.org.br\/site2022\/\",\"logo\":{\"@type\":\"ImageObject\",\"inLanguage\":\"pt-BR\",\"@id\":\"https:\/\/sindicatodosbancarios.org.br\/site2022\/#\/schema\/logo\/image\/\",\"url\":\"https:\/\/sindicatodosbancarios.org.br\/site2022\/wp-content\/uploads\/2017\/06\/cropped-logo-2.png\",\"contentUrl\":\"https:\/\/sindicatodosbancarios.org.br\/site2022\/wp-content\/uploads\/2017\/06\/cropped-logo-2.png\",\"width\":292,\"height\":292,\"caption\":\"Sindicato dos Banc\u00e1rios de S\u00e3o Bento do Sul e Regi\u00e3o\"},\"image\":{\"@id\":\"https:\/\/sindicatodosbancarios.org.br\/site2022\/#\/schema\/logo\/image\/\"}}]}<\/script>\n<!-- \/ Yoast SEO plugin. -->","yoast_head_json":{"title":"Conv\u00eanios - Sindicato dos Banc\u00e1rios de S\u00e3o Bento do Sul e Regi\u00e3o","robots":{"index":"index","follow":"follow","max-snippet":"max-snippet:-1","max-image-preview":"max-image-preview:large","max-video-preview":"max-video-preview:-1"},"canonical":"https:\/\/sindicatodosbancarios.org.br\/site2022\/servicos\/convenios\/","og_locale":"pt_BR","og_type":"article","og_title":"Conv\u00eanios - Sindicato dos Banc\u00e1rios de S\u00e3o Bento do Sul e Regi\u00e3o","og_description":"CONV\u00caNIO: SINDICATO REALIZA PARCERIA PARA CURSOS DO MERCADO FINANCEIRO (CPA\/10 \/ CPA20 \/CEA E OUTROS) O Sindicato dos [&hellip;]","og_url":"https:\/\/sindicatodosbancarios.org.br\/site2022\/servicos\/convenios\/","og_site_name":"Sindicato dos Banc\u00e1rios de S\u00e3o Bento do Sul e Regi\u00e3o","article_modified_time":"2022-11-03T18:46:28+00:00","twitter_card":"summary_large_image","twitter_misc":{"Est. tempo de leitura":"5 minutos"},"schema":{"@context":"https:\/\/schema.org","@graph":[{"@type":"WebPage","@id":"https:\/\/sindicatodosbancarios.org.br\/site2022\/servicos\/convenios\/","url":"https:\/\/sindicatodosbancarios.org.br\/site2022\/servicos\/convenios\/","name":"Conv\u00eanios - Sindicato dos Banc\u00e1rios de S\u00e3o Bento do Sul e Regi\u00e3o","isPartOf":{"@id":"https:\/\/sindicatodosbancarios.org.br\/site2022\/#website"},"datePublished":"2017-07-03T18:06:27+00:00","dateModified":"2022-11-03T18:46:28+00:00","breadcrumb":{"@id":"https:\/\/sindicatodosbancarios.org.br\/site2022\/servicos\/convenios\/#breadcrumb"},"inLanguage":"pt-BR","potentialAction":[{"@type":"ReadAction","target":["https:\/\/sindicatodosbancarios.org.br\/site2022\/servicos\/convenios\/"]}]},{"@type":"BreadcrumbList","@id":"https:\/\/sindicatodosbancarios.org.br\/site2022\/servicos\/convenios\/#breadcrumb","itemListElement":[{"@type":"ListItem","position":1,"name":"In\u00edcio","item":"https:\/\/sindicatodosbancarios.org.br\/site2022\/"},{"@type":"ListItem","position":2,"name":"Servi\u00e7os","item":"https:\/\/sindicatodosbancarios.org.br\/site2022\/servicos\/"},{"@type":"ListItem","position":3,"name":"Conv\u00eanios"}]},{"@type":"WebSite","@id":"https:\/\/sindicatodosbancarios.org.br\/site2022\/#website","url":"https:\/\/sindicatodosbancarios.org.br\/site2022\/","name":"Sindicato dos Banc\u00e1rios de S\u00e3o Bento do Sul e Regi\u00e3o","description":"Website institucional do Sindicato dos Banc\u00e1rios de S\u00e3o Bento do Sul e Regi\u00e3o","publisher":{"@id":"https:\/\/sindicatodosbancarios.org.br\/site2022\/#organization"},"potentialAction":[{"@type":"SearchAction","target":{"@type":"EntryPoint","urlTemplate":"https:\/\/sindicatodosbancarios.org.br\/site2022\/?s={search_term_string}"},"query-input":"required name=search_term_string"}],"inLanguage":"pt-BR"},{"@type":"Organization","@id":"https:\/\/sindicatodosbancarios.org.br\/site2022\/#organization","name":"Sindicato dos Banc\u00e1rios de S\u00e3o Bento do Sul e Regi\u00e3o","url":"https:\/\/sindicatodosbancarios.org.br\/site2022\/","logo":{"@type":"ImageObject","inLanguage":"pt-BR","@id":"https:\/\/sindicatodosbancarios.org.br\/site2022\/#\/schema\/logo\/image\/","url":"https:\/\/sindicatodosbancarios.org.br\/site2022\/wp-content\/uploads\/2017\/06\/cropped-logo-2.png","contentUrl":"https:\/\/sindicatodosbancarios.org.br\/site2022\/wp-content\/uploads\/2017\/06\/cropped-logo-2.png","width":292,"height":292,"caption":"Sindicato dos Banc\u00e1rios de S\u00e3o Bento do Sul e Regi\u00e3o"},"image":{"@id":"https:\/\/sindicatodosbancarios.org.br\/site2022\/#\/schema\/logo\/image\/"}}]}},"jetpack_sharing_enabled":true,"jetpack_shortlink":"https:\/\/wp.me\/P8RSbI-1U","jetpack-related-posts":[],"_links":{"self":[{"href":"https:\/\/sindicatodosbancarios.org.br\/site2022\/wp-json\/wp\/v2\/pages\/118"}],"collection":[{"href":"https:\/\/sindicatodosbancarios.org.br\/site2022\/wp-json\/wp\/v2\/pages"}],"about":[{"href":"https:\/\/sindicatodosbancarios.org.br\/site2022\/wp-json\/wp\/v2\/types\/page"}],"author":[{"embeddable":true,"href":"https:\/\/sindicatodosbancarios.org.br\/site2022\/wp-json\/wp\/v2\/users\/1"}],"replies":[{"embeddable":true,"href":"https:\/\/sindicatodosbancarios.org.br\/site2022\/wp-json\/wp\/v2\/comments?post=118"}],"version-history":[{"count":25,"href":"https:\/\/sindicatodosbancarios.org.br\/site2022\/wp-json\/wp\/v2\/pages\/118\/revisions"}],"predecessor-version":[{"id":7009,"href":"https:\/\/sindicatodosbancarios.org.br\/site2022\/wp-json\/wp\/v2\/pages\/118\/revisions\/7009"}],"up":[{"embeddable":true,"href":"https:\/\/sindicatodosbancarios.org.br\/site2022\/wp-json\/wp\/v2\/pages\/15"}],"wp:attachment":[{"href":"https:\/\/sindicatodosbancarios.org.br\/site2022\/wp-json\/wp\/v2\/media?parent=118"}],"curies":[{"name":"wp","href":"https:\/\/api.w.org\/{rel}","templated":true}]}}