{"id":12,"date":"2017-06-26T13:52:56","date_gmt":"2017-06-26T16:52:56","guid":{"rendered":"http:\/\/sindicatodosbancarios.org.br\/?page_id=12"},"modified":"2017-08-28T15:27:34","modified_gmt":"2017-08-28T18:27:34","slug":"o-sindicato","status":"publish","type":"page","link":"https:\/\/sindicatodosbancarios.org.br\/site2022\/o-sindicato\/","title":{"rendered":"O Sindicato"},"content":{"rendered":"<p><span style=\"color: #800000; font-size: 14pt;\"><strong>30 anos de lutas<\/strong><\/span><\/p>\n<p>O Sindicato dos Banc\u00e1rios de S\u00e3o Bento do Sul e Regi\u00e3o, fundado em 23 de julho de 2013, atrav\u00e9s de desmembramento do Sindicato dos Banc\u00e1rios de Joinville e Regi\u00e3o, j\u00e1 atuava como sub-sede desde 19 de agosto de 1987, sempre apoiando as reivindica\u00e7\u00f5es da categoria.<\/p>\n<p>Sua primeira diretoria foi composta por Roberto Odenir Ortiz (presidente), Jo\u00e3o Paulo da Silva (vice-presidente), Ad\u00e3o de Oliveira (secret\u00e1rio), Lucia Helena da Silva V D Boom (1\u00aa tesoureira), Donilia Santana da Luz (2\u00aa tesoureira).<\/p>\n<p>Os suplentes da diretoria eram Ingrid In\u00eas Anton da Silva, Renato Tadeu Milchewski, Wolney Malchitzky, e Marcelo Sim\u00f5es de Oliveira.<\/p>\n<p>Conselho fiscal: Sirlei D. Guerreiro, Cesar Ernani do Nascimento, Margit Linzmeyer, Carlos Louren\u00e7o Schroeder, Carlos Alberto Tascheck e Rodrigo de Lima Borges.<\/p>\n<p>O Sindicato oferece aos seus associados e dependentes diversos benef\u00edcios, como assist\u00eancia jur\u00eddica, conv\u00eanios m\u00e9dico e odontol\u00f3gico, al\u00e9m da participa\u00e7\u00e3o efetiva nas lutas da categoria como nas campanhas salariais, jogos de confraterniza\u00e7\u00e3o, festa anual para comemorar o Dia dos Banc\u00e1rios, entre outros benef\u00edcios.<\/p>\n<p>O Sindicato adquiriu em abril de 2017, uma \u00e1rea de 8.806,40 metros quadrados, onde ser\u00e1 constru\u00edda sua Recreativa Social, uma \u00e1rea arborizada, com nascente, vegeta\u00e7\u00e3o nativa e local onde os associados ir\u00e3o desfrutar com seus familiares o merecido descanso e curtir momentos junto \u00e0 natureza.<\/p>\n<p>Em t\u00e3o pouco tempo de hist\u00f3ria o Sindicato dos Banc\u00e1rios de S\u00e3o Bento do Sul e Regi\u00e3o \u00e9 uma refer\u00eancia junto a outras categorias de sua luta e unidade na defesa da categoria banc\u00e1ria e dos trabalhadores em geral.<\/p>\n<p>&nbsp;<\/p>\n","protected":false},"excerpt":{"rendered":"<p>30 anos de lutas O Sindicato dos Banc\u00e1rios de S\u00e3o Bento do Sul e Regi\u00e3o, fundado em 23 [&hellip;]<\/p>\n","protected":false},"author":1,"featured_media":0,"parent":0,"menu_order":0,"comment_status":"closed","ping_status":"closed","template":"","meta":{"jetpack_post_was_ever_published":false},"acf":[],"yoast_head":"<!-- This site is optimized with the Yoast SEO plugin v19.14 - https:\/\/yoast.com\/wordpress\/plugins\/seo\/ -->\n<title>O Sindicato - Sindicato dos Banc\u00e1rios de S\u00e3o Bento do Sul e Regi\u00e3o<\/title>\n<meta name=\"robots\" content=\"index, follow, max-snippet:-1, max-image-preview:large, max-video-preview:-1\" \/>\n<link rel=\"canonical\" href=\"https:\/\/sindicatodosbancarios.org.br\/site2022\/o-sindicato\/\" \/>\n<meta property=\"og:locale\" content=\"pt_BR\" \/>\n<meta property=\"og:type\" content=\"article\" \/>\n<meta property=\"og:title\" content=\"O Sindicato - Sindicato dos Banc\u00e1rios de S\u00e3o Bento do Sul e Regi\u00e3o\" \/>\n<meta property=\"og:description\" content=\"30 anos de lutas O Sindicato dos Banc\u00e1rios de S\u00e3o Bento do Sul e Regi\u00e3o, fundado em 23 [&hellip;]\" \/>\n<meta property=\"og:url\" content=\"https:\/\/sindicatodosbancarios.org.br\/site2022\/o-sindicato\/\" \/>\n<meta property=\"og:site_name\" content=\"Sindicato dos Banc\u00e1rios de S\u00e3o Bento do Sul e Regi\u00e3o\" \/>\n<meta property=\"article:modified_time\" content=\"2017-08-28T18:27:34+00:00\" \/>\n<meta name=\"twitter:card\" content=\"summary_large_image\" \/>\n<meta name=\"twitter:label1\" content=\"Est. tempo de leitura\" \/>\n\t<meta name=\"twitter:data1\" content=\"1 minuto\" \/>\n<script type=\"application\/ld+json\" class=\"yoast-schema-graph\">{\"@context\":\"https:\/\/schema.org\",\"@graph\":[{\"@type\":\"WebPage\",\"@id\":\"https:\/\/sindicatodosbancarios.org.br\/site2022\/o-sindicato\/\",\"url\":\"https:\/\/sindicatodosbancarios.org.br\/site2022\/o-sindicato\/\",\"name\":\"O Sindicato - Sindicato dos Banc\u00e1rios de S\u00e3o Bento do Sul e Regi\u00e3o\",\"isPartOf\":{\"@id\":\"https:\/\/sindicatodosbancarios.org.br\/site2022\/#website\"},\"datePublished\":\"2017-06-26T16:52:56+00:00\",\"dateModified\":\"2017-08-28T18:27:34+00:00\",\"breadcrumb\":{\"@id\":\"https:\/\/sindicatodosbancarios.org.br\/site2022\/o-sindicato\/#breadcrumb\"},\"inLanguage\":\"pt-BR\",\"potentialAction\":[{\"@type\":\"ReadAction\",\"target\":[\"https:\/\/sindicatodosbancarios.org.br\/site2022\/o-sindicato\/\"]}]},{\"@type\":\"BreadcrumbList\",\"@id\":\"https:\/\/sindicatodosbancarios.org.br\/site2022\/o-sindicato\/#breadcrumb\",\"itemListElement\":[{\"@type\":\"ListItem\",\"position\":1,\"name\":\"In\u00edcio\",\"item\":\"https:\/\/sindicatodosbancarios.org.br\/site2022\/\"},{\"@type\":\"ListItem\",\"position\":2,\"name\":\"O Sindicato\"}]},{\"@type\":\"WebSite\",\"@id\":\"https:\/\/sindicatodosbancarios.org.br\/site2022\/#website\",\"url\":\"https:\/\/sindicatodosbancarios.org.br\/site2022\/\",\"name\":\"Sindicato dos Banc\u00e1rios de S\u00e3o Bento do Sul e Regi\u00e3o\",\"description\":\"Website institucional do Sindicato dos Banc\u00e1rios de S\u00e3o Bento do Sul e Regi\u00e3o\",\"publisher\":{\"@id\":\"https:\/\/sindicatodosbancarios.org.br\/site2022\/#organization\"},\"potentialAction\":[{\"@type\":\"SearchAction\",\"target\":{\"@type\":\"EntryPoint\",\"urlTemplate\":\"https:\/\/sindicatodosbancarios.org.br\/site2022\/?s={search_term_string}\"},\"query-input\":\"required name=search_term_string\"}],\"inLanguage\":\"pt-BR\"},{\"@type\":\"Organization\",\"@id\":\"https:\/\/sindicatodosbancarios.org.br\/site2022\/#organization\",\"name\":\"Sindicato dos Banc\u00e1rios de S\u00e3o Bento do Sul e Regi\u00e3o\",\"url\":\"https:\/\/sindicatodosbancarios.org.br\/site2022\/\",\"logo\":{\"@type\":\"ImageObject\",\"inLanguage\":\"pt-BR\",\"@id\":\"https:\/\/sindicatodosbancarios.org.br\/site2022\/#\/schema\/logo\/image\/\",\"url\":\"https:\/\/sindicatodosbancarios.org.br\/site2022\/wp-content\/uploads\/2017\/06\/cropped-logo-2.png\",\"contentUrl\":\"https:\/\/sindicatodosbancarios.org.br\/site2022\/wp-content\/uploads\/2017\/06\/cropped-logo-2.png\",\"width\":292,\"height\":292,\"caption\":\"Sindicato dos Banc\u00e1rios de S\u00e3o Bento do Sul e Regi\u00e3o\"},\"image\":{\"@id\":\"https:\/\/sindicatodosbancarios.org.br\/site2022\/#\/schema\/logo\/image\/\"}}]}<\/script>\n<!-- \/ Yoast SEO plugin. -->","yoast_head_json":{"title":"O Sindicato - Sindicato dos Banc\u00e1rios de S\u00e3o Bento do Sul e Regi\u00e3o","robots":{"index":"index","follow":"follow","max-snippet":"max-snippet:-1","max-image-preview":"max-image-preview:large","max-video-preview":"max-video-preview:-1"},"canonical":"https:\/\/sindicatodosbancarios.org.br\/site2022\/o-sindicato\/","og_locale":"pt_BR","og_type":"article","og_title":"O Sindicato - Sindicato dos Banc\u00e1rios de S\u00e3o Bento do Sul e Regi\u00e3o","og_description":"30 anos de lutas O Sindicato dos Banc\u00e1rios de S\u00e3o Bento do Sul e Regi\u00e3o, fundado em 23 [&hellip;]","og_url":"https:\/\/sindicatodosbancarios.org.br\/site2022\/o-sindicato\/","og_site_name":"Sindicato dos Banc\u00e1rios de S\u00e3o Bento do Sul e Regi\u00e3o","article_modified_time":"2017-08-28T18:27:34+00:00","twitter_card":"summary_large_image","twitter_misc":{"Est. tempo de leitura":"1 minuto"},"schema":{"@context":"https:\/\/schema.org","@graph":[{"@type":"WebPage","@id":"https:\/\/sindicatodosbancarios.org.br\/site2022\/o-sindicato\/","url":"https:\/\/sindicatodosbancarios.org.br\/site2022\/o-sindicato\/","name":"O Sindicato - Sindicato dos Banc\u00e1rios de S\u00e3o Bento do Sul e Regi\u00e3o","isPartOf":{"@id":"https:\/\/sindicatodosbancarios.org.br\/site2022\/#website"},"datePublished":"2017-06-26T16:52:56+00:00","dateModified":"2017-08-28T18:27:34+00:00","breadcrumb":{"@id":"https:\/\/sindicatodosbancarios.org.br\/site2022\/o-sindicato\/#breadcrumb"},"inLanguage":"pt-BR","potentialAction":[{"@type":"ReadAction","target":["https:\/\/sindicatodosbancarios.org.br\/site2022\/o-sindicato\/"]}]},{"@type":"BreadcrumbList","@id":"https:\/\/sindicatodosbancarios.org.br\/site2022\/o-sindicato\/#breadcrumb","itemListElement":[{"@type":"ListItem","position":1,"name":"In\u00edcio","item":"https:\/\/sindicatodosbancarios.org.br\/site2022\/"},{"@type":"ListItem","position":2,"name":"O Sindicato"}]},{"@type":"WebSite","@id":"https:\/\/sindicatodosbancarios.org.br\/site2022\/#website","url":"https:\/\/sindicatodosbancarios.org.br\/site2022\/","name":"Sindicato dos Banc\u00e1rios de S\u00e3o Bento do Sul e Regi\u00e3o","description":"Website institucional do Sindicato dos Banc\u00e1rios de S\u00e3o Bento do Sul e Regi\u00e3o","publisher":{"@id":"https:\/\/sindicatodosbancarios.org.br\/site2022\/#organization"},"potentialAction":[{"@type":"SearchAction","target":{"@type":"EntryPoint","urlTemplate":"https:\/\/sindicatodosbancarios.org.br\/site2022\/?s={search_term_string}"},"query-input":"required name=search_term_string"}],"inLanguage":"pt-BR"},{"@type":"Organization","@id":"https:\/\/sindicatodosbancarios.org.br\/site2022\/#organization","name":"Sindicato dos Banc\u00e1rios de S\u00e3o Bento do Sul e Regi\u00e3o","url":"https:\/\/sindicatodosbancarios.org.br\/site2022\/","logo":{"@type":"ImageObject","inLanguage":"pt-BR","@id":"https:\/\/sindicatodosbancarios.org.br\/site2022\/#\/schema\/logo\/image\/","url":"https:\/\/sindicatodosbancarios.org.br\/site2022\/wp-content\/uploads\/2017\/06\/cropped-logo-2.png","contentUrl":"https:\/\/sindicatodosbancarios.org.br\/site2022\/wp-content\/uploads\/2017\/06\/cropped-logo-2.png","width":292,"height":292,"caption":"Sindicato dos Banc\u00e1rios de S\u00e3o Bento do Sul e Regi\u00e3o"},"image":{"@id":"https:\/\/sindicatodosbancarios.org.br\/site2022\/#\/schema\/logo\/image\/"}}]}},"jetpack_sharing_enabled":true,"jetpack_shortlink":"https:\/\/wp.me\/P8RSbI-c","jetpack-related-posts":[],"_links":{"self":[{"href":"https:\/\/sindicatodosbancarios.org.br\/site2022\/wp-json\/wp\/v2\/pages\/12"}],"collection":[{"href":"https:\/\/sindicatodosbancarios.org.br\/site2022\/wp-json\/wp\/v2\/pages"}],"about":[{"href":"https:\/\/sindicatodosbancarios.org.br\/site2022\/wp-json\/wp\/v2\/types\/page"}],"author":[{"embeddable":true,"href":"https:\/\/sindicatodosbancarios.org.br\/site2022\/wp-json\/wp\/v2\/users\/1"}],"replies":[{"embeddable":true,"href":"https:\/\/sindicatodosbancarios.org.br\/site2022\/wp-json\/wp\/v2\/comments?post=12"}],"version-history":[{"count":12,"href":"https:\/\/sindicatodosbancarios.org.br\/site2022\/wp-json\/wp\/v2\/pages\/12\/revisions"}],"predecessor-version":[{"id":1587,"href":"https:\/\/sindicatodosbancarios.org.br\/site2022\/wp-json\/wp\/v2\/pages\/12\/revisions\/1587"}],"wp:attachment":[{"href":"https:\/\/sindicatodosbancarios.org.br\/site2022\/wp-json\/wp\/v2\/media?parent=12"}],"curies":[{"name":"wp","href":"https:\/\/api.w.org\/{rel}","templated":true}]}}