{"id":130,"date":"2017-07-03T15:13:18","date_gmt":"2017-07-03T18:13:18","guid":{"rendered":"http:\/\/sindicatodosbancarios.org.br\/?page_id=130"},"modified":"2022-10-24T14:04:33","modified_gmt":"2022-10-24T17:04:33","slug":"sindicalize-se","status":"publish","type":"page","link":"https:\/\/sindicatodosbancarios.org.br\/site2022\/sindicalize-se\/","title":{"rendered":"Sindicalize-se"},"content":{"rendered":"<p>O Sindicato dos Empregados em Estabelecimentos Banc\u00e1rios de S\u00e3o Bento do Sul e Regi\u00e3o representa os trabalhadores banc\u00e1rios, lotados na base territorial de S\u00e3o Bento do Sul, Rio Negrinho e Campo Alegre.<\/p>\n<p>A partir da funda\u00e7\u00e3o da Entidade Sindical, iniciamos a constru\u00e7\u00e3o e consolida\u00e7\u00e3o de uma entidade mais representativa e pr\u00f3xima da categoria, definindo com mais celeridade nossas necessidades e interesses, levando em considera\u00e7\u00e3o o que os banc\u00e1rios da nossa regi\u00e3o almejavam de seu Sindicato.<\/p>\n<p>Desde a forma\u00e7\u00e3o, a Diretoria vem atuando de forma efetiva e eficaz na defesa da categoria. Somamos campanhas salariais exitosas e vitoriosas, fazendo dos banc\u00e1rios uma das categorias com mais avan\u00e7os e conquistas, tanto em nossos Acordos Coletivos de Trabalho (Banco do Brasil, Caixa Econ\u00f4mica e Banrisul) quanto na Conven\u00e7\u00e3o Coletiva de Trabalho (Bradesco, Ita\u00fa, Santander).<\/p>\n<p>Essas e outras conquistas n\u00e3o acontecem por acaso, s\u00e3o fruto de trabalho e empenho do Sindicato que se organiza, debate, dialoga, negocia e consolida as conquistas com um dos setores empresariais mais intransigentes e irredut\u00edveis a negocia\u00e7\u00f5es. Dessa forma precisamos sempre estar organizados e preparados para negocia\u00e7\u00e3o, seja na data base da categoria ou n\u00e3o.<\/p>\n<p>Quem \u00e9 sindicalizado tem direito a Assist\u00eancia Jur\u00eddica, participa\u00e7\u00e3o em eventos esportivos para a categoria e seus dependentes, Festa em Comemora\u00e7\u00e3o ao Dia do Banc\u00e1rio, Acesso a Associa\u00e7\u00e3o Recreativa dos Banc\u00e1rios (ARBANC), al\u00e9m do uso de conv\u00eanios com Institui\u00e7\u00f5es de Ensino, laborat\u00f3rios, odontologia.<\/p>\n<p>Sendo associado ao Sindicato voc\u00ea estar\u00e1 contribuindo com sua mensalidade sindical no custeio da organiza\u00e7\u00e3o de sua categoria e na defesa de direitos conquistados, seja atrav\u00e9s de Campanha salarial ou mesmo na interven\u00e7\u00e3o direta de seu Sindicato.<\/p>\n<p>Para sindicalizar, basta baixar a guia abaixo, efetuar o preenchimento e solicitar o recolhimento por um representante da Entidade Sindical pelo telefone (47) 3633-5203 ou entreg\u00e1-la na Sede do Sindicato na Rua Henrique Schwarz n\u00ba 61 \u2013 Sala 61 \u2013 5\u00b0 andar no Centro de S\u00e3o Bento do Sul.<\/p>\n<p style=\"text-align: center;\"><a href=\"https:\/\/sindicatodosbancarios.org.br\/wp-content\/uploads\/2022\/10\/FICHA-DE-SINDICALIZACAO.pdf\">CLIQUE AQUI PARA DOWNLOAD DA FICHA DE SINDICALIZA\u00c7\u00c3O<\/a><\/p>\n<p>Para transfer\u00eancia de base sindical \u00e9 necess\u00e1rio baixar e preencher tamb\u00e9m o formul\u00e1rio abaixo.<\/p>\n<p style=\"text-align: center;\"><a href=\"http:\/\/sindicatodosbancarios.org.br\/wp-content\/uploads\/2017\/07\/CLIQUE-AQUI-PARA-DOWNLOAD-DE-FORMUL\u00c1RIO-DE-TRANFER\u00caNCIA-DE-BASE.pdf\">CLIQUE AQUI PARA DOWNLOAD DE FORMUL\u00c1RIO DE TRANFER\u00caNCIA DE BASE<\/a><\/p>\n<p style=\"text-align: center;\">\n<h3 style=\"text-align: center;\">ENVIE SUAS INFORMA\u00c7\u00d5ES<\/h3>\n<p style=\"text-align: center;\">Entraremos em contato<\/p>\n","protected":false},"excerpt":{"rendered":"<p>O Sindicato dos Empregados em Estabelecimentos Banc\u00e1rios de S\u00e3o Bento do Sul e Regi\u00e3o representa os trabalhadores banc\u00e1rios, [&hellip;]<\/p>\n","protected":false},"author":1,"featured_media":0,"parent":0,"menu_order":0,"comment_status":"closed","ping_status":"closed","template":"","meta":{"jetpack_post_was_ever_published":false},"acf":[],"yoast_head":"<!-- This site is optimized with the Yoast SEO plugin v19.14 - https:\/\/yoast.com\/wordpress\/plugins\/seo\/ -->\n<title>Sindicalize-se - Sindicato dos Banc\u00e1rios de S\u00e3o Bento do Sul e Regi\u00e3o<\/title>\n<meta name=\"robots\" content=\"index, follow, max-snippet:-1, max-image-preview:large, max-video-preview:-1\" \/>\n<link rel=\"canonical\" href=\"https:\/\/sindicatodosbancarios.org.br\/site2022\/sindicalize-se\/\" \/>\n<meta property=\"og:locale\" content=\"pt_BR\" \/>\n<meta property=\"og:type\" content=\"article\" \/>\n<meta property=\"og:title\" content=\"Sindicalize-se - Sindicato dos Banc\u00e1rios de S\u00e3o Bento do Sul e Regi\u00e3o\" \/>\n<meta property=\"og:description\" content=\"O Sindicato dos Empregados em Estabelecimentos Banc\u00e1rios de S\u00e3o Bento do Sul e Regi\u00e3o representa os trabalhadores banc\u00e1rios, [&hellip;]\" \/>\n<meta property=\"og:url\" content=\"https:\/\/sindicatodosbancarios.org.br\/site2022\/sindicalize-se\/\" \/>\n<meta property=\"og:site_name\" content=\"Sindicato dos Banc\u00e1rios de S\u00e3o Bento do Sul e Regi\u00e3o\" \/>\n<meta property=\"article:modified_time\" content=\"2022-10-24T17:04:33+00:00\" \/>\n<meta name=\"twitter:card\" content=\"summary_large_image\" \/>\n<meta name=\"twitter:label1\" content=\"Est. tempo de leitura\" \/>\n\t<meta name=\"twitter:data1\" content=\"2 minutos\" \/>\n<script type=\"application\/ld+json\" class=\"yoast-schema-graph\">{\"@context\":\"https:\/\/schema.org\",\"@graph\":[{\"@type\":\"WebPage\",\"@id\":\"https:\/\/sindicatodosbancarios.org.br\/site2022\/sindicalize-se\/\",\"url\":\"https:\/\/sindicatodosbancarios.org.br\/site2022\/sindicalize-se\/\",\"name\":\"Sindicalize-se - Sindicato dos Banc\u00e1rios de S\u00e3o Bento do Sul e Regi\u00e3o\",\"isPartOf\":{\"@id\":\"https:\/\/sindicatodosbancarios.org.br\/site2022\/#website\"},\"datePublished\":\"2017-07-03T18:13:18+00:00\",\"dateModified\":\"2022-10-24T17:04:33+00:00\",\"breadcrumb\":{\"@id\":\"https:\/\/sindicatodosbancarios.org.br\/site2022\/sindicalize-se\/#breadcrumb\"},\"inLanguage\":\"pt-BR\",\"potentialAction\":[{\"@type\":\"ReadAction\",\"target\":[\"https:\/\/sindicatodosbancarios.org.br\/site2022\/sindicalize-se\/\"]}]},{\"@type\":\"BreadcrumbList\",\"@id\":\"https:\/\/sindicatodosbancarios.org.br\/site2022\/sindicalize-se\/#breadcrumb\",\"itemListElement\":[{\"@type\":\"ListItem\",\"position\":1,\"name\":\"In\u00edcio\",\"item\":\"https:\/\/sindicatodosbancarios.org.br\/site2022\/\"},{\"@type\":\"ListItem\",\"position\":2,\"name\":\"Sindicalize-se\"}]},{\"@type\":\"WebSite\",\"@id\":\"https:\/\/sindicatodosbancarios.org.br\/site2022\/#website\",\"url\":\"https:\/\/sindicatodosbancarios.org.br\/site2022\/\",\"name\":\"Sindicato dos Banc\u00e1rios de S\u00e3o Bento do Sul e Regi\u00e3o\",\"description\":\"Website institucional do Sindicato dos Banc\u00e1rios de S\u00e3o Bento do Sul e Regi\u00e3o\",\"publisher\":{\"@id\":\"https:\/\/sindicatodosbancarios.org.br\/site2022\/#organization\"},\"potentialAction\":[{\"@type\":\"SearchAction\",\"target\":{\"@type\":\"EntryPoint\",\"urlTemplate\":\"https:\/\/sindicatodosbancarios.org.br\/site2022\/?s={search_term_string}\"},\"query-input\":\"required name=search_term_string\"}],\"inLanguage\":\"pt-BR\"},{\"@type\":\"Organization\",\"@id\":\"https:\/\/sindicatodosbancarios.org.br\/site2022\/#organization\",\"name\":\"Sindicato dos Banc\u00e1rios de S\u00e3o Bento do Sul e Regi\u00e3o\",\"url\":\"https:\/\/sindicatodosbancarios.org.br\/site2022\/\",\"logo\":{\"@type\":\"ImageObject\",\"inLanguage\":\"pt-BR\",\"@id\":\"https:\/\/sindicatodosbancarios.org.br\/site2022\/#\/schema\/logo\/image\/\",\"url\":\"https:\/\/sindicatodosbancarios.org.br\/site2022\/wp-content\/uploads\/2017\/06\/cropped-logo-2.png\",\"contentUrl\":\"https:\/\/sindicatodosbancarios.org.br\/site2022\/wp-content\/uploads\/2017\/06\/cropped-logo-2.png\",\"width\":292,\"height\":292,\"caption\":\"Sindicato dos Banc\u00e1rios de S\u00e3o Bento do Sul e Regi\u00e3o\"},\"image\":{\"@id\":\"https:\/\/sindicatodosbancarios.org.br\/site2022\/#\/schema\/logo\/image\/\"}}]}<\/script>\n<!-- \/ Yoast SEO plugin. -->","yoast_head_json":{"title":"Sindicalize-se - Sindicato dos Banc\u00e1rios de S\u00e3o Bento do Sul e Regi\u00e3o","robots":{"index":"index","follow":"follow","max-snippet":"max-snippet:-1","max-image-preview":"max-image-preview:large","max-video-preview":"max-video-preview:-1"},"canonical":"https:\/\/sindicatodosbancarios.org.br\/site2022\/sindicalize-se\/","og_locale":"pt_BR","og_type":"article","og_title":"Sindicalize-se - Sindicato dos Banc\u00e1rios de S\u00e3o Bento do Sul e Regi\u00e3o","og_description":"O Sindicato dos Empregados em Estabelecimentos Banc\u00e1rios de S\u00e3o Bento do Sul e Regi\u00e3o representa os trabalhadores banc\u00e1rios, [&hellip;]","og_url":"https:\/\/sindicatodosbancarios.org.br\/site2022\/sindicalize-se\/","og_site_name":"Sindicato dos Banc\u00e1rios de S\u00e3o Bento do Sul e Regi\u00e3o","article_modified_time":"2022-10-24T17:04:33+00:00","twitter_card":"summary_large_image","twitter_misc":{"Est. tempo de leitura":"2 minutos"},"schema":{"@context":"https:\/\/schema.org","@graph":[{"@type":"WebPage","@id":"https:\/\/sindicatodosbancarios.org.br\/site2022\/sindicalize-se\/","url":"https:\/\/sindicatodosbancarios.org.br\/site2022\/sindicalize-se\/","name":"Sindicalize-se - Sindicato dos Banc\u00e1rios de S\u00e3o Bento do Sul e Regi\u00e3o","isPartOf":{"@id":"https:\/\/sindicatodosbancarios.org.br\/site2022\/#website"},"datePublished":"2017-07-03T18:13:18+00:00","dateModified":"2022-10-24T17:04:33+00:00","breadcrumb":{"@id":"https:\/\/sindicatodosbancarios.org.br\/site2022\/sindicalize-se\/#breadcrumb"},"inLanguage":"pt-BR","potentialAction":[{"@type":"ReadAction","target":["https:\/\/sindicatodosbancarios.org.br\/site2022\/sindicalize-se\/"]}]},{"@type":"BreadcrumbList","@id":"https:\/\/sindicatodosbancarios.org.br\/site2022\/sindicalize-se\/#breadcrumb","itemListElement":[{"@type":"ListItem","position":1,"name":"In\u00edcio","item":"https:\/\/sindicatodosbancarios.org.br\/site2022\/"},{"@type":"ListItem","position":2,"name":"Sindicalize-se"}]},{"@type":"WebSite","@id":"https:\/\/sindicatodosbancarios.org.br\/site2022\/#website","url":"https:\/\/sindicatodosbancarios.org.br\/site2022\/","name":"Sindicato dos Banc\u00e1rios de S\u00e3o Bento do Sul e Regi\u00e3o","description":"Website institucional do Sindicato dos Banc\u00e1rios de S\u00e3o Bento do Sul e Regi\u00e3o","publisher":{"@id":"https:\/\/sindicatodosbancarios.org.br\/site2022\/#organization"},"potentialAction":[{"@type":"SearchAction","target":{"@type":"EntryPoint","urlTemplate":"https:\/\/sindicatodosbancarios.org.br\/site2022\/?s={search_term_string}"},"query-input":"required name=search_term_string"}],"inLanguage":"pt-BR"},{"@type":"Organization","@id":"https:\/\/sindicatodosbancarios.org.br\/site2022\/#organization","name":"Sindicato dos Banc\u00e1rios de S\u00e3o Bento do Sul e Regi\u00e3o","url":"https:\/\/sindicatodosbancarios.org.br\/site2022\/","logo":{"@type":"ImageObject","inLanguage":"pt-BR","@id":"https:\/\/sindicatodosbancarios.org.br\/site2022\/#\/schema\/logo\/image\/","url":"https:\/\/sindicatodosbancarios.org.br\/site2022\/wp-content\/uploads\/2017\/06\/cropped-logo-2.png","contentUrl":"https:\/\/sindicatodosbancarios.org.br\/site2022\/wp-content\/uploads\/2017\/06\/cropped-logo-2.png","width":292,"height":292,"caption":"Sindicato dos Banc\u00e1rios de S\u00e3o Bento do Sul e Regi\u00e3o"},"image":{"@id":"https:\/\/sindicatodosbancarios.org.br\/site2022\/#\/schema\/logo\/image\/"}}]}},"jetpack_sharing_enabled":true,"jetpack_shortlink":"https:\/\/wp.me\/P8RSbI-26","jetpack-related-posts":[],"_links":{"self":[{"href":"https:\/\/sindicatodosbancarios.org.br\/site2022\/wp-json\/wp\/v2\/pages\/130"}],"collection":[{"href":"https:\/\/sindicatodosbancarios.org.br\/site2022\/wp-json\/wp\/v2\/pages"}],"about":[{"href":"https:\/\/sindicatodosbancarios.org.br\/site2022\/wp-json\/wp\/v2\/types\/page"}],"author":[{"embeddable":true,"href":"https:\/\/sindicatodosbancarios.org.br\/site2022\/wp-json\/wp\/v2\/users\/1"}],"replies":[{"embeddable":true,"href":"https:\/\/sindicatodosbancarios.org.br\/site2022\/wp-json\/wp\/v2\/comments?post=130"}],"version-history":[{"count":9,"href":"https:\/\/sindicatodosbancarios.org.br\/site2022\/wp-json\/wp\/v2\/pages\/130\/revisions"}],"predecessor-version":[{"id":6959,"href":"https:\/\/sindicatodosbancarios.org.br\/site2022\/wp-json\/wp\/v2\/pages\/130\/revisions\/6959"}],"wp:attachment":[{"href":"https:\/\/sindicatodosbancarios.org.br\/site2022\/wp-json\/wp\/v2\/media?parent=130"}],"curies":[{"name":"wp","href":"https:\/\/api.w.org\/{rel}","templated":true}]}}