{"id":38,"date":"2017-06-27T13:20:22","date_gmt":"2017-06-27T16:20:22","guid":{"rendered":"http:\/\/sindicatodosbancarios.org.br\/?page_id=38"},"modified":"2018-03-15T09:26:11","modified_gmt":"2018-03-15T12:26:11","slug":"arbanc","status":"publish","type":"page","link":"https:\/\/sindicatodosbancarios.org.br\/site2022\/arbanc\/","title":{"rendered":"ARBANC"},"content":{"rendered":"<p><span style=\"font-size: 14pt;\"><strong><span style=\"color: #800000;\">ASSOCIA\u00c7\u00c3O RECREATIVA DOS BANC\u00c1RIOS &#8211; ARBANC<\/span><\/strong><\/span><\/p>\n<p>O Sindicato dos Banc\u00e1rios de S\u00e3o Bento do Sul e Regi\u00e3o desde sua funda\u00e7\u00e3o (23\/07\/2013) teve como objetivo construir a Sede Social aos Banc\u00e1rios e seus dependentes, como apoio pela retribui\u00e7\u00e3o dada pela categoria, que acreditou na funda\u00e7\u00e3o de seu Sindicato, apoiando-o, seja como associado ou participando de suas decis\u00f5es e assembleias.<\/p>\n<p>O Sindicato oferece diversos benef\u00edcios a seus associados e dependentes que se encontra a disposi\u00e7\u00e3o.<br \/>\nAl\u00e9m disso, o Sindicato adquiriu recentemente uma \u00e1rea de 8.806,40 metros quadrados, localizada no bairro Bras\u00edlia. \u201c\u00c9 uma \u00e1rea arborizada, com nascente, vegeta\u00e7\u00e3o nativa, ou seja, um local onde nossos associados ir\u00e3o com sua fam\u00edlia descansar e curtir momentos juntos a natureza\u201d, destacou o presidente Roberto Ortiz.<\/p>\n<p>A aquisi\u00e7\u00e3o foi poss\u00edvel pelo retorno da categoria, em primeiro lugar de seus associados e com empenho da Diretoria que cuidou dos recursos de forma diligente, economizando tudo que foi poss\u00edvel e gastando o estritamente necess\u00e1rio. Nosso objetivo \u00e9 devolver com realiza\u00e7\u00f5es a confian\u00e7a dos banc\u00e1rios, projetando e cumprindo com serenidade, respeito, orgulho e dedica\u00e7\u00e3o o compromisso assumido.<\/p>\n<p>As obras iniciaram no \u00faltimo dia 14 de agosto de 2017. No terreno j\u00e1 est\u00e3o sendo constru\u00eddos quiosques com churrasqueiras e sanit\u00e1rios Tamb\u00e9m ser\u00e1 constru\u00eddo um campo de futebol su\u00ed\u00e7o e um de v\u00f4lei de areia, al\u00e9m de pistas de caminhada junto \u00e0 natureza. No futuro est\u00e1 prevista a constru\u00e7\u00e3o da sede social.<\/p>\n<p>A futura sede recebeu o nome de Jos\u00e9 Ilton Belli (in memorian), em homenagem ao inesquec\u00edvel amigo e grande dirigente banc\u00e1rio, que foi presidente do Sindicato dos Banc\u00e1rios de Joinville, e que muito contribuiu com os banc\u00e1rios da regi\u00e3o, bem como na funda\u00e7\u00e3o do Sindicato local.<\/p>\n<p>Al\u00e9m dos banc\u00e1rios, ex-banc\u00e1rios tamb\u00e9m poder\u00e3o se associar e usufruir da Recreativa da entidade.<\/p>\n","protected":false},"excerpt":{"rendered":"<p>ASSOCIA\u00c7\u00c3O RECREATIVA DOS BANC\u00c1RIOS &#8211; ARBANC O Sindicato dos Banc\u00e1rios de S\u00e3o Bento do Sul e Regi\u00e3o desde [&hellip;]<\/p>\n","protected":false},"author":1,"featured_media":0,"parent":0,"menu_order":0,"comment_status":"closed","ping_status":"closed","template":"","meta":{"jetpack_post_was_ever_published":false},"acf":[],"yoast_head":"<!-- This site is optimized with the Yoast SEO plugin v19.14 - https:\/\/yoast.com\/wordpress\/plugins\/seo\/ -->\n<title>ARBANC - Sindicato dos Banc\u00e1rios de S\u00e3o Bento do Sul e Regi\u00e3o<\/title>\n<meta name=\"robots\" content=\"index, follow, max-snippet:-1, max-image-preview:large, max-video-preview:-1\" \/>\n<link rel=\"canonical\" href=\"https:\/\/sindicatodosbancarios.org.br\/site2022\/arbanc\/\" \/>\n<meta property=\"og:locale\" content=\"pt_BR\" \/>\n<meta property=\"og:type\" content=\"article\" \/>\n<meta property=\"og:title\" content=\"ARBANC - Sindicato dos Banc\u00e1rios de S\u00e3o Bento do Sul e Regi\u00e3o\" \/>\n<meta property=\"og:description\" content=\"ASSOCIA\u00c7\u00c3O RECREATIVA DOS BANC\u00c1RIOS &#8211; ARBANC O Sindicato dos Banc\u00e1rios de S\u00e3o Bento do Sul e Regi\u00e3o desde [&hellip;]\" \/>\n<meta property=\"og:url\" content=\"https:\/\/sindicatodosbancarios.org.br\/site2022\/arbanc\/\" \/>\n<meta property=\"og:site_name\" content=\"Sindicato dos Banc\u00e1rios de S\u00e3o Bento do Sul e Regi\u00e3o\" \/>\n<meta property=\"article:modified_time\" content=\"2018-03-15T12:26:11+00:00\" \/>\n<meta name=\"twitter:card\" content=\"summary_large_image\" \/>\n<meta name=\"twitter:label1\" content=\"Est. tempo de leitura\" \/>\n\t<meta name=\"twitter:data1\" content=\"2 minutos\" \/>\n<script type=\"application\/ld+json\" class=\"yoast-schema-graph\">{\"@context\":\"https:\/\/schema.org\",\"@graph\":[{\"@type\":\"WebPage\",\"@id\":\"https:\/\/sindicatodosbancarios.org.br\/site2022\/arbanc\/\",\"url\":\"https:\/\/sindicatodosbancarios.org.br\/site2022\/arbanc\/\",\"name\":\"ARBANC - Sindicato dos Banc\u00e1rios de S\u00e3o Bento do Sul e Regi\u00e3o\",\"isPartOf\":{\"@id\":\"https:\/\/sindicatodosbancarios.org.br\/site2022\/#website\"},\"datePublished\":\"2017-06-27T16:20:22+00:00\",\"dateModified\":\"2018-03-15T12:26:11+00:00\",\"breadcrumb\":{\"@id\":\"https:\/\/sindicatodosbancarios.org.br\/site2022\/arbanc\/#breadcrumb\"},\"inLanguage\":\"pt-BR\",\"potentialAction\":[{\"@type\":\"ReadAction\",\"target\":[\"https:\/\/sindicatodosbancarios.org.br\/site2022\/arbanc\/\"]}]},{\"@type\":\"BreadcrumbList\",\"@id\":\"https:\/\/sindicatodosbancarios.org.br\/site2022\/arbanc\/#breadcrumb\",\"itemListElement\":[{\"@type\":\"ListItem\",\"position\":1,\"name\":\"In\u00edcio\",\"item\":\"https:\/\/sindicatodosbancarios.org.br\/site2022\/\"},{\"@type\":\"ListItem\",\"position\":2,\"name\":\"ARBANC\"}]},{\"@type\":\"WebSite\",\"@id\":\"https:\/\/sindicatodosbancarios.org.br\/site2022\/#website\",\"url\":\"https:\/\/sindicatodosbancarios.org.br\/site2022\/\",\"name\":\"Sindicato dos Banc\u00e1rios de S\u00e3o Bento do Sul e Regi\u00e3o\",\"description\":\"Website institucional do Sindicato dos Banc\u00e1rios de S\u00e3o Bento do Sul e Regi\u00e3o\",\"publisher\":{\"@id\":\"https:\/\/sindicatodosbancarios.org.br\/site2022\/#organization\"},\"potentialAction\":[{\"@type\":\"SearchAction\",\"target\":{\"@type\":\"EntryPoint\",\"urlTemplate\":\"https:\/\/sindicatodosbancarios.org.br\/site2022\/?s={search_term_string}\"},\"query-input\":\"required name=search_term_string\"}],\"inLanguage\":\"pt-BR\"},{\"@type\":\"Organization\",\"@id\":\"https:\/\/sindicatodosbancarios.org.br\/site2022\/#organization\",\"name\":\"Sindicato dos Banc\u00e1rios de S\u00e3o Bento do Sul e Regi\u00e3o\",\"url\":\"https:\/\/sindicatodosbancarios.org.br\/site2022\/\",\"logo\":{\"@type\":\"ImageObject\",\"inLanguage\":\"pt-BR\",\"@id\":\"https:\/\/sindicatodosbancarios.org.br\/site2022\/#\/schema\/logo\/image\/\",\"url\":\"https:\/\/sindicatodosbancarios.org.br\/site2022\/wp-content\/uploads\/2017\/06\/cropped-logo-2.png\",\"contentUrl\":\"https:\/\/sindicatodosbancarios.org.br\/site2022\/wp-content\/uploads\/2017\/06\/cropped-logo-2.png\",\"width\":292,\"height\":292,\"caption\":\"Sindicato dos Banc\u00e1rios de S\u00e3o Bento do Sul e Regi\u00e3o\"},\"image\":{\"@id\":\"https:\/\/sindicatodosbancarios.org.br\/site2022\/#\/schema\/logo\/image\/\"}}]}<\/script>\n<!-- \/ Yoast SEO plugin. -->","yoast_head_json":{"title":"ARBANC - Sindicato dos Banc\u00e1rios de S\u00e3o Bento do Sul e Regi\u00e3o","robots":{"index":"index","follow":"follow","max-snippet":"max-snippet:-1","max-image-preview":"max-image-preview:large","max-video-preview":"max-video-preview:-1"},"canonical":"https:\/\/sindicatodosbancarios.org.br\/site2022\/arbanc\/","og_locale":"pt_BR","og_type":"article","og_title":"ARBANC - Sindicato dos Banc\u00e1rios de S\u00e3o Bento do Sul e Regi\u00e3o","og_description":"ASSOCIA\u00c7\u00c3O RECREATIVA DOS BANC\u00c1RIOS &#8211; ARBANC O Sindicato dos Banc\u00e1rios de S\u00e3o Bento do Sul e Regi\u00e3o desde [&hellip;]","og_url":"https:\/\/sindicatodosbancarios.org.br\/site2022\/arbanc\/","og_site_name":"Sindicato dos Banc\u00e1rios de S\u00e3o Bento do Sul e Regi\u00e3o","article_modified_time":"2018-03-15T12:26:11+00:00","twitter_card":"summary_large_image","twitter_misc":{"Est. tempo de leitura":"2 minutos"},"schema":{"@context":"https:\/\/schema.org","@graph":[{"@type":"WebPage","@id":"https:\/\/sindicatodosbancarios.org.br\/site2022\/arbanc\/","url":"https:\/\/sindicatodosbancarios.org.br\/site2022\/arbanc\/","name":"ARBANC - Sindicato dos Banc\u00e1rios de S\u00e3o Bento do Sul e Regi\u00e3o","isPartOf":{"@id":"https:\/\/sindicatodosbancarios.org.br\/site2022\/#website"},"datePublished":"2017-06-27T16:20:22+00:00","dateModified":"2018-03-15T12:26:11+00:00","breadcrumb":{"@id":"https:\/\/sindicatodosbancarios.org.br\/site2022\/arbanc\/#breadcrumb"},"inLanguage":"pt-BR","potentialAction":[{"@type":"ReadAction","target":["https:\/\/sindicatodosbancarios.org.br\/site2022\/arbanc\/"]}]},{"@type":"BreadcrumbList","@id":"https:\/\/sindicatodosbancarios.org.br\/site2022\/arbanc\/#breadcrumb","itemListElement":[{"@type":"ListItem","position":1,"name":"In\u00edcio","item":"https:\/\/sindicatodosbancarios.org.br\/site2022\/"},{"@type":"ListItem","position":2,"name":"ARBANC"}]},{"@type":"WebSite","@id":"https:\/\/sindicatodosbancarios.org.br\/site2022\/#website","url":"https:\/\/sindicatodosbancarios.org.br\/site2022\/","name":"Sindicato dos Banc\u00e1rios de S\u00e3o Bento do Sul e Regi\u00e3o","description":"Website institucional do Sindicato dos Banc\u00e1rios de S\u00e3o Bento do Sul e Regi\u00e3o","publisher":{"@id":"https:\/\/sindicatodosbancarios.org.br\/site2022\/#organization"},"potentialAction":[{"@type":"SearchAction","target":{"@type":"EntryPoint","urlTemplate":"https:\/\/sindicatodosbancarios.org.br\/site2022\/?s={search_term_string}"},"query-input":"required name=search_term_string"}],"inLanguage":"pt-BR"},{"@type":"Organization","@id":"https:\/\/sindicatodosbancarios.org.br\/site2022\/#organization","name":"Sindicato dos Banc\u00e1rios de S\u00e3o Bento do Sul e Regi\u00e3o","url":"https:\/\/sindicatodosbancarios.org.br\/site2022\/","logo":{"@type":"ImageObject","inLanguage":"pt-BR","@id":"https:\/\/sindicatodosbancarios.org.br\/site2022\/#\/schema\/logo\/image\/","url":"https:\/\/sindicatodosbancarios.org.br\/site2022\/wp-content\/uploads\/2017\/06\/cropped-logo-2.png","contentUrl":"https:\/\/sindicatodosbancarios.org.br\/site2022\/wp-content\/uploads\/2017\/06\/cropped-logo-2.png","width":292,"height":292,"caption":"Sindicato dos Banc\u00e1rios de S\u00e3o Bento do Sul e Regi\u00e3o"},"image":{"@id":"https:\/\/sindicatodosbancarios.org.br\/site2022\/#\/schema\/logo\/image\/"}}]}},"jetpack_sharing_enabled":true,"jetpack_shortlink":"https:\/\/wp.me\/P8RSbI-C","jetpack-related-posts":[],"_links":{"self":[{"href":"https:\/\/sindicatodosbancarios.org.br\/site2022\/wp-json\/wp\/v2\/pages\/38"}],"collection":[{"href":"https:\/\/sindicatodosbancarios.org.br\/site2022\/wp-json\/wp\/v2\/pages"}],"about":[{"href":"https:\/\/sindicatodosbancarios.org.br\/site2022\/wp-json\/wp\/v2\/types\/page"}],"author":[{"embeddable":true,"href":"https:\/\/sindicatodosbancarios.org.br\/site2022\/wp-json\/wp\/v2\/users\/1"}],"replies":[{"embeddable":true,"href":"https:\/\/sindicatodosbancarios.org.br\/site2022\/wp-json\/wp\/v2\/comments?post=38"}],"version-history":[{"count":6,"href":"https:\/\/sindicatodosbancarios.org.br\/site2022\/wp-json\/wp\/v2\/pages\/38\/revisions"}],"predecessor-version":[{"id":1701,"href":"https:\/\/sindicatodosbancarios.org.br\/site2022\/wp-json\/wp\/v2\/pages\/38\/revisions\/1701"}],"wp:attachment":[{"href":"https:\/\/sindicatodosbancarios.org.br\/site2022\/wp-json\/wp\/v2\/media?parent=38"}],"curies":[{"name":"wp","href":"https:\/\/api.w.org\/{rel}","templated":true}]}}